{"id":1886,"date":"2025-05-14T21:44:31","date_gmt":"2025-05-15T00:44:31","guid":{"rendered":"https:\/\/iatendentes.com\/?page_id=1886"},"modified":"2025-05-23T13:14:35","modified_gmt":"2025-05-23T16:14:35","slug":"politica-de-cookies","status":"publish","type":"page","link":"https:\/\/iatendentes.com\/index.php\/politica-de-cookies\/","title":{"rendered":"Pol\u00edtica de cookies"},"content":{"rendered":"\t\t<div data-elementor-type=\"wp-page\" data-elementor-id=\"1886\" class=\"elementor elementor-1886\">\n\t\t\t\t<div class=\"elementor-element elementor-element-7c47a11 e-con-full e-flex wpr-particle-no wpr-jarallax-no wpr-parallax-no wpr-sticky-section-no wpr-equal-height-no e-con e-parent\" data-id=\"7c47a11\" data-element_type=\"container\" data-e-type=\"container\" id=\"about\">\n\t\t\t\t<div class=\"elementor-element elementor-element-733a665 elementor-hidden-tablet elementor-hidden-mobile elementor-widget elementor-widget-spacer\" data-id=\"733a665\" data-element_type=\"widget\" data-e-type=\"widget\" data-widget_type=\"spacer.default\">\n\t\t\t\t<div class=\"elementor-widget-container\">\n\t\t\t\t\t\t\t<div class=\"elementor-spacer\">\n\t\t\t<div class=\"elementor-spacer-inner\"><\/div>\n\t\t<\/div>\n\t\t\t\t\t\t<\/div>\n\t\t\t\t<\/div>\n\t\t\t\t<\/div>\n\t\t<div class=\"elementor-element elementor-element-1992e95 e-flex e-con-boxed wpr-particle-no wpr-jarallax-no wpr-parallax-no wpr-sticky-section-no wpr-equal-height-no e-con e-parent\" data-id=\"1992e95\" data-element_type=\"container\" data-e-type=\"container\">\n\t\t\t\t\t<div class=\"e-con-inner\">\n\t\t<div class=\"elementor-element elementor-element-0d9b694 e-flex e-con-boxed wpr-particle-no wpr-jarallax-no wpr-parallax-no wpr-sticky-section-no wpr-equal-height-no e-con e-child\" data-id=\"0d9b694\" data-element_type=\"container\" data-e-type=\"container\" data-settings=\"{&quot;background_background&quot;:&quot;gradient&quot;}\">\n\t\t\t\t\t<div class=\"e-con-inner\">\n\t\t\t\t<div class=\"elementor-element elementor-element-7ab63b3 elementor-widget elementor-widget-text-editor\" data-id=\"7ab63b3\" data-element_type=\"widget\" data-e-type=\"widget\" data-widget_type=\"text-editor.default\">\n\t\t\t\t<div class=\"elementor-widget-container\">\n\t\t\t\t\t\t\t\t\t<p><strong>Pol\u00edtica de Cookies<\/strong><\/p><p>A IAtendente utiliza cookies de diversas formas para aprimorar sua experi\u00eancia em nosso site, incluindo:<\/p><ul><li>Manter voc\u00ea conectado<\/li><li><span style=\"background-color: transparent; color: var( --e-global-color-text ); font-family: var( --e-global-typography-text-font-family ), Sans-serif; font-size: 1rem; font-weight: var( --e-global-typography-text-font-weight ); text-align: var(--text-align);\">Compreender como voc\u00ea utiliza nosso produto<\/span><\/li><\/ul><p>Nesta pol\u00edtica de cookies, descrevemos os tipos de cookies que a IAtendente utiliza e como voc\u00ea pode desabilit\u00e1-los. Caso n\u00e3o encontre a informa\u00e7\u00e3o que procura, entre em contato conosco pelo e-mail iatendente@iatendentes.com.<\/p><p><strong>O que s\u00e3o cookies?<\/strong><\/p><p>Cookies s\u00e3o pequenos arquivos de texto armazenados em seu computador ou dispositivo m\u00f3vel pelos sites que voc\u00ea visita. Eles s\u00e3o amplamente utilizados para garantir o funcionamento dos sites, torn\u00e1-los mais eficientes e fornecer informa\u00e7\u00f5es aos seus propriet\u00e1rios. Cada cookie cont\u00e9m um c\u00f3digo \u00fanico que permite reconhecer seu navegador durante sua visita (cookies de \u201csess\u00e3o\u201d) ou em acessos futuros (cookies permanentes). O conte\u00fado de um cookie geralmente inclui o nome do servidor que o criou, uma data de expira\u00e7\u00e3o e um c\u00f3digo num\u00e9rico \u00fanico.<br \/>Com base em seus h\u00e1bitos de navega\u00e7\u00e3o, os cookies armazenam suas prefer\u00eancias no disco r\u00edgido do seu dispositivo. Eles facilitam a intera\u00e7\u00e3o entre voc\u00ea e o site, tornando-a mais r\u00e1pida e fluida, al\u00e9m de auxiliar na navega\u00e7\u00e3o entre diferentes se\u00e7\u00f5es. Cookies tamb\u00e9m ajudam a tornar o conte\u00fado ou an\u00fancios mais relevantes para voc\u00ea, adaptando-se aos seus gostos e necessidades.<\/p><p><strong>Quais tipos de cookies a IAtendente utiliza?<\/strong><\/p><p><strong>Cookies Necess\u00e1rios:<\/strong> Esses cookies s\u00e3o essenciais para o funcionamento correto e seguro do site. Por exemplo, usamos cookies de autentica\u00e7\u00e3o para identific\u00e1-lo quando voc\u00ea acessa nossa plataforma. Esses cookies nos permitem saber quem voc\u00ea \u00e9 durante uma sess\u00e3o de navega\u00e7\u00e3o. Eles s\u00e3o carregados com base em interesses leg\u00edtimos para garantir a funcionalidade essencial de nossos servi\u00e7os.<br \/><strong>Cookies Anal\u00edticos:<\/strong> Cookies anal\u00edticos coletam informa\u00e7\u00f5es sobre como voc\u00ea utiliza nosso site, permitindo-nos aprimorar seu desempenho. Utilizamos ferramentas de an\u00e1lise para monitorar o comportamento do usu\u00e1rio em nosso produto (apenas quando voc\u00ea est\u00e1 logado). Empregamos uma solu\u00e7\u00e3o de an\u00e1lise web auto-hospedada, focada em privacidade e compat\u00edvel com a LGPD, que n\u00e3o utiliza cookies no c\u00f3digo de rastreamento.<\/p><p><strong>Como voc\u00ea pode bloquear ou eliminar cookies?<\/strong><\/p><p>Utilizamos cookies apenas quando voc\u00ea est\u00e1 logado em nosso servi\u00e7o. Ao criar uma conta, voc\u00ea ser\u00e1 solicitado a aceitar nossos termos e condi\u00e7\u00f5es.<br \/>Voc\u00ea pode gerenciar, bloquear ou excluir cookies nas configura\u00e7\u00f5es do seu navegador. Dependendo do navegador utilizado, as op\u00e7\u00f5es de configura\u00e7\u00e3o variam. Note que, em alguns casos, bloquear ou desabilitar cookies pode impedir o funcionamento correto de certos servi\u00e7os web.<\/p>\t\t\t\t\t\t\t\t<\/div>\n\t\t\t\t<\/div>\n\t\t\t\t\t<\/div>\n\t\t\t\t<\/div>\n\t\t\t\t\t<\/div>\n\t\t\t\t<\/div>\n\t\t\t\t<\/div>\n\t\t","protected":false},"excerpt":{"rendered":"<p>Pol\u00edtica de Cookies A IAtendente utiliza cookies de diversas formas para aprimorar sua experi\u00eancia em nosso site, incluindo: Manter voc\u00ea conectado Compreender como voc\u00ea utiliza nosso produto Nesta pol\u00edtica de cookies, descrevemos os tipos de cookies que a IAtendente utiliza e como voc\u00ea pode desabilit\u00e1-los. Caso n\u00e3o encontre a informa\u00e7\u00e3o que procura, entre em contato conosco pelo e-mail iatendente@iatendentes.com. O que s\u00e3o cookies? Cookies s\u00e3o pequenos arquivos de texto armazenados em seu computador ou dispositivo m\u00f3vel pelos sites que voc\u00ea visita. Eles s\u00e3o amplamente utilizados para garantir o funcionamento dos sites, torn\u00e1-los mais eficientes e fornecer informa\u00e7\u00f5es aos seus propriet\u00e1rios. Cada cookie cont\u00e9m um c\u00f3digo \u00fanico que permite reconhecer seu navegador durante sua visita (cookies de \u201csess\u00e3o\u201d) ou em acessos futuros (cookies permanentes). O conte\u00fado de um cookie geralmente inclui o nome do servidor que o criou, uma data de expira\u00e7\u00e3o e um c\u00f3digo num\u00e9rico \u00fanico.Com base em seus h\u00e1bitos de navega\u00e7\u00e3o, os cookies armazenam suas prefer\u00eancias no disco r\u00edgido do seu dispositivo. Eles facilitam a intera\u00e7\u00e3o entre voc\u00ea e o site, tornando-a mais r\u00e1pida e fluida, al\u00e9m de auxiliar na navega\u00e7\u00e3o entre diferentes se\u00e7\u00f5es. Cookies tamb\u00e9m ajudam a tornar o conte\u00fado ou an\u00fancios mais relevantes para voc\u00ea, adaptando-se aos seus gostos e necessidades. Quais tipos de cookies a IAtendente utiliza? Cookies Necess\u00e1rios: Esses cookies s\u00e3o essenciais para o funcionamento correto e seguro do site. Por exemplo, usamos cookies de autentica\u00e7\u00e3o para identific\u00e1-lo quando voc\u00ea acessa nossa plataforma. Esses cookies nos permitem saber quem voc\u00ea \u00e9 durante uma sess\u00e3o de navega\u00e7\u00e3o. Eles s\u00e3o carregados com base em interesses leg\u00edtimos para garantir a funcionalidade essencial de nossos servi\u00e7os.Cookies Anal\u00edticos: Cookies anal\u00edticos coletam informa\u00e7\u00f5es sobre como voc\u00ea utiliza nosso site, permitindo-nos aprimorar seu desempenho. Utilizamos ferramentas de an\u00e1lise para monitorar o comportamento do usu\u00e1rio em nosso produto (apenas quando voc\u00ea est\u00e1 logado). Empregamos uma solu\u00e7\u00e3o de an\u00e1lise web auto-hospedada, focada em privacidade e compat\u00edvel com a LGPD, que n\u00e3o utiliza cookies no c\u00f3digo de rastreamento. Como voc\u00ea pode bloquear ou eliminar cookies? Utilizamos cookies apenas quando voc\u00ea est\u00e1 logado em nosso servi\u00e7o. Ao criar uma conta, voc\u00ea ser\u00e1 solicitado a aceitar nossos termos e condi\u00e7\u00f5es.Voc\u00ea pode gerenciar, bloquear ou excluir cookies nas configura\u00e7\u00f5es do seu navegador. Dependendo do navegador utilizado, as op\u00e7\u00f5es de configura\u00e7\u00e3o variam. Note que, em alguns casos, bloquear ou desabilitar cookies pode impedir o funcionamento correto de certos servi\u00e7os web.<\/p>\n","protected":false},"author":1,"featured_media":1060,"parent":0,"menu_order":0,"comment_status":"closed","ping_status":"closed","template":"elementor_canvas","meta":{"footnotes":""},"class_list":["post-1886","page","type-page","status-publish","has-post-thumbnail","hentry"],"_links":{"self":[{"href":"https:\/\/iatendentes.com\/index.php\/wp-json\/wp\/v2\/pages\/1886","targetHints":{"allow":["GET"]}}],"collection":[{"href":"https:\/\/iatendentes.com\/index.php\/wp-json\/wp\/v2\/pages"}],"about":[{"href":"https:\/\/iatendentes.com\/index.php\/wp-json\/wp\/v2\/types\/page"}],"author":[{"embeddable":true,"href":"https:\/\/iatendentes.com\/index.php\/wp-json\/wp\/v2\/users\/1"}],"replies":[{"embeddable":true,"href":"https:\/\/iatendentes.com\/index.php\/wp-json\/wp\/v2\/comments?post=1886"}],"version-history":[{"count":7,"href":"https:\/\/iatendentes.com\/index.php\/wp-json\/wp\/v2\/pages\/1886\/revisions"}],"predecessor-version":[{"id":1931,"href":"https:\/\/iatendentes.com\/index.php\/wp-json\/wp\/v2\/pages\/1886\/revisions\/1931"}],"wp:featuredmedia":[{"embeddable":true,"href":"https:\/\/iatendentes.com\/index.php\/wp-json\/wp\/v2\/media\/1060"}],"wp:attachment":[{"href":"https:\/\/iatendentes.com\/index.php\/wp-json\/wp\/v2\/media?parent=1886"}],"curies":[{"name":"wp","href":"https:\/\/api.w.org\/{rel}","templated":true}]}}